{"id":8483,"date":"2025-06-12T11:20:51","date_gmt":"2025-06-12T04:20:51","guid":{"rendered":"https:\/\/xedopcom719.mbws.vn\/?post_type=product&#038;p=8483"},"modified":"2026-03-30T14:48:38","modified_gmt":"2026-03-30T07:48:38","slug":"xe-dap-giant-2025-atx-810-29","status":"publish","type":"product","link":"https:\/\/xedop.com\/en\/san-pham\/xe-dap-giant-2025-atx-810-29\/","title":{"rendered":"Xe \u0111\u1ea1p GIANT 2025 ATX 810 29"},"content":{"rendered":"<div>\n<p><em><strong>ATX 810 l\u00e0 d\u00f2ng xe d\u00e0nh cho \u0111\u01b0\u1eddng h\u1ed7n h\u1ee3p th\u00f4ng d\u1ee5ng, ph\u00f9 h\u1ee3p v\u1edbi v\u1eadn \u0111\u1ed9ng v\u00e0 vi\u1ec7t d\u00e3. ATX 810 c\u00f3 \u01b0u \u0111i\u1ec3m l\u00e0 thi\u1ebft k\u1ebf l\u1ed1p h\u1ed7n h\u1ee3p c\u00f9ng v\u1edbi phu\u1ed9c h\u1ee3p kim nh\u00f4m c\u00f3 kh\u00f3a, s\u1ebd l\u00e0 l\u1ef1a ch\u1ecdn h\u00e0ng \u0111\u1ea7u cho nh\u1eefng tay ch\u01a1i m\u1edbi xe \u0111\u1ecba h\u00ecnh.<\/strong><\/em><\/p>\n<figure id=\"attachment_26836\" class=\"wp-caption aligncenter\" aria-describedby=\"caption-attachment-26836\"><img fetchpriority=\"high\" decoding=\"async\" class=\"wp-image-26836 size-full\" src=\"https:\/\/xedop.com\/wp-content\/uploads\/2025\/06\/xe-dap-giant-2025-atx-810-29-8483-8.jpg\" sizes=\"(max-width: 1100px) 100vw, 1100px\" srcset=\"https:\/\/xedop.com\/wp-content\/uploads\/2025\/06\/xe-dap-giant-2025-atx-810-29-8483-8.jpg 1100w, https:\/\/giantvietnam.vn\/wp-content\/uploads\/2023\/12\/2025-ATX-810-1-768x314.jpg 768w, https:\/\/giantvietnam.vn\/wp-content\/uploads\/2023\/12\/2025-ATX-810-1-600x245.jpg 600w\" alt=\"\" width=\"1100\" height=\"450\" \/><figcaption id=\"caption-attachment-26836\" class=\"wp-caption-text\"><em><strong>Thi\u1ebft k\u1ebf ho\u00e0n to\u00e0n m\u1edbi c\u00f9ng khung h\u1ee3p kim nh\u00f4m ALUXX. \u0110\u1ed9 c\u1ee9ng v\u00e0 tr\u1ecdng l\u01b0\u1ee3ng \u01b0u vi\u1ec7t ho\u00e1, c\u00f4ng ngh\u1ec7 h\u00ecnh th\u00e0nh \u1ed1ng khung x\u1eed l\u00fd nhi\u1ec7t. \u0110i\u1ec1u khi\u1ec3n \u1ed5n \u0111\u1ecbnh, \u0111\u1ea1p xe an to\u00e0n h\u01a1n. Ngo\u1ea1i quan \u0111\u01a1n gi\u1ea3n, ch\u1ea1y d\u00e2y ng\u1ea7m tinh t\u1ebf.<\/strong><\/em><\/figcaption><\/figure>\n<figure id=\"attachment_26839\" class=\"wp-caption aligncenter\" aria-describedby=\"caption-attachment-26839\"><img decoding=\"async\" class=\"wp-image-26839 size-full\" src=\"https:\/\/xedop.com\/wp-content\/uploads\/2025\/06\/xe-dap-giant-2025-atx-810-29-8483-9.jpg\" sizes=\"(max-width: 1100px) 100vw, 1100px\" srcset=\"https:\/\/xedop.com\/wp-content\/uploads\/2025\/06\/xe-dap-giant-2025-atx-810-29-8483-9.jpg 1100w, https:\/\/giantvietnam.vn\/wp-content\/uploads\/2023\/12\/2025-ATX-810-3-768x454.jpg 768w, https:\/\/giantvietnam.vn\/wp-content\/uploads\/2023\/12\/2025-ATX-810-3-600x355.jpg 600w\" alt=\"\" width=\"1100\" height=\"650\" \/><figcaption id=\"caption-attachment-26839\" class=\"wp-caption-text\"><em><strong>C\u1ee1 kh\u00e1c nhau thi\u1ebft k\u1ebf c\u1ee1 l\u1ed1p kh\u00e1c nhau, ph\u00f9 h\u1ee3p nhu c\u1ea7u chi\u1ec1u cao kh\u00e1c nhau. Trang b\u1ecb phu\u1ed9c h\u1ee3p kim nh\u00f4m Giant SXC 3 c\u00f3 kh\u00f3a ph\u00f9 h\u1ee3p v\u1edbi nhi\u1ec1u phong c\u00e1ch \u0111\u1ea1p xe. Phanh \u0111\u0129a d\u1ea7u h\u1ee3p kim nh\u00f4m \u0111\u1ed9ng l\u1ef1c m\u1ea1nh h\u01a1n, m\u1eb7t \u0111\u01b0\u1eddng ph\u1ee9c t\u1ea1p c\u0169ng kh\u00f4ng l\u00e0m kh\u00f3 b\u1ea1n.<\/strong><\/em><\/figcaption><\/figure>\n<figure id=\"attachment_26841\" class=\"wp-caption aligncenter\" aria-describedby=\"caption-attachment-26841\"><img decoding=\"async\" class=\"wp-image-26841 size-full\" src=\"https:\/\/xedop.com\/wp-content\/uploads\/2025\/06\/xe-dap-giant-2025-atx-810-29-8483-10.jpg\" sizes=\"(max-width: 1100px) 100vw, 1100px\" srcset=\"https:\/\/xedop.com\/wp-content\/uploads\/2025\/06\/xe-dap-giant-2025-atx-810-29-8483-10.jpg 1100w, https:\/\/giantvietnam.vn\/wp-content\/uploads\/2023\/12\/2025-ATX-810-5-768x384.jpg 768w, https:\/\/giantvietnam.vn\/wp-content\/uploads\/2023\/12\/2025-ATX-810-5-600x300.jpg 600w\" alt=\"\" width=\"1100\" height=\"550\" \/><figcaption id=\"caption-attachment-26841\" class=\"wp-caption-text\"><em><strong>C\u00f3 \u0111i\u1ec3m ch\u1edd l\u1eafp ch\u00e2n ch\u1ed1ng, baga, ch\u1eafn b\u00f9n.<\/strong><\/em><\/figcaption><\/figure>\n<figure id=\"attachment_26841\" class=\"wp-caption aligncenter\" aria-describedby=\"caption-attachment-26841\"><img loading=\"lazy\" decoding=\"async\" class=\"size-full wp-image-26838 aligncenter\" src=\"https:\/\/xedop.com\/wp-content\/uploads\/2025\/06\/xe-dap-giant-2025-atx-810-29-8483-11.jpg\" sizes=\"(max-width: 1100px) 100vw, 1100px\" srcset=\"https:\/\/xedop.com\/wp-content\/uploads\/2025\/06\/xe-dap-giant-2025-atx-810-29-8483-11.jpg 1100w, https:\/\/giantvietnam.vn\/wp-content\/uploads\/2023\/12\/2025-ATX-810-1-1-768x384.jpg 768w, https:\/\/giantvietnam.vn\/wp-content\/uploads\/2023\/12\/2025-ATX-810-1-1-600x300.jpg 600w\" alt=\"\" width=\"1100\" height=\"550\" \/><img loading=\"lazy\" decoding=\"async\" class=\"size-full wp-image-26837 aligncenter\" src=\"https:\/\/xedop.com\/wp-content\/uploads\/2025\/06\/xe-dap-giant-2025-atx-810-29-8483-12.jpg\" sizes=\"(max-width: 1100px) 100vw, 1100px\" srcset=\"https:\/\/xedop.com\/wp-content\/uploads\/2025\/06\/xe-dap-giant-2025-atx-810-29-8483-12.jpg 1100w, https:\/\/giantvietnam.vn\/wp-content\/uploads\/2023\/12\/2025-ATX-810-2-768x265.jpg 768w, https:\/\/giantvietnam.vn\/wp-content\/uploads\/2023\/12\/2025-ATX-810-2-600x207.jpg 600w\" alt=\"\" width=\"1100\" height=\"380\" \/><figcaption id=\"caption-attachment-26841\" class=\"wp-caption-text\"><em><strong>Thi\u1ebft k\u1ebf r\u0103ng l\u00edp phong ph\u00fa, ph\u00f9 h\u1ee3p nhi\u1ec1u phong c\u00e1ch \u0111\u1ea1p xe kh\u00e1c nhau. Chuy\u1ec3n \u0111\u1ec1 m\u01b0\u1ee3t m\u00e0, y\u00ean ng\u1ed3i \u00eam \u00e1i, m\u1eb7t ti\u1ebfp x\u00fac l\u1edbn gi\u1ea3m ch\u1ea5n t\u1ed1t.<\/strong><\/em><\/figcaption><\/figure>\n<\/div>\n<div>\n<div>\n<div>\n<div>\n<div>\n<div>\n<div>\n<p><span style=\"font-size: 21px;\">KHUNG<\/span><\/p>\n<\/div>\n<\/div>\n<\/div>\n<\/div>\n<\/div>\n<\/div>\n<\/div>\n<div>\n<div>\n<p>K\u00edch c\u1ee1\/Sizes:M<\/p>\n<p>M\u00e0u s\u1eafc\/Colors:Tr\u1eafng<\/p>\n<p>Ch\u1ea5t li\u1ec7u khung\/Frame:H\u1ee3p kim nh\u00f4m GIANT ATX 8 seri 29<\/p>\n<p>Phu\u1ed9c\/Fork:H\u1ee3p kim nh\u00f4m c\u00f3 kh\u00f3a<\/p>\n<p>Gi\u1ea3m x\u00f3c\/Shock:-<\/p>\n<h4>H\u00ca\u0323 TH\u00d4\u0301NG BA\u0301NH XE<\/h4>\n<p>V\u00e0nh xe\/Rims:GIANT, h\u1ee3p kim nh\u00f4m 2 l\u1edbp<\/p>\n<p>Moay \u01a1\/Hubs:GIANT, h\u1ee3p kim nh\u00f4m Peilin<\/p>\n<p>Nan hoa\/Spokes:14G HTSS<\/p>\n<p>L\u1ed1p xe\/Tires:QuickCross 29&#215;1.95\/30TPI &#8211; Van g\u1ea1o<\/p>\n<h4>KHA\u0301C<\/h4>\n<p>Th\u00eam\/Extras:(M\u1ed9t s\u1ed1 linh ki\u1ec7n c\u00f3 th\u1ec3 thay \u0111\u1ed5i lo\u1ea1i t\u01b0\u01a1ng \u0111\u01b0\u01a1ng theo th\u1ef1c t\u1ebf)<\/p>\n<\/div>\n<div>\n<h4>CA\u0301C B\u00d4\u0323 PH\u00c2\u0323N<\/h4>\n<p>Ghi \u0111\u00f4ng\/Handlebar:H\u1ee3p kim nh\u00f4m, 31.8mm<\/p>\n<p>P\u00f4 t\u0103ng\/Stem:H\u1ee3p kim nh\u00f4m, c\u00f3 th\u1ec3 ng\u1eeda 8 \u0111\u1ed9, 31.8mm<\/p>\n<p>C\u1ecdc y\u00ean\/Seatpost:H\u1ee3p kim nh\u00f4m, 30.9mm<\/p>\n<p>Y\u00ean\/Saddle:Th\u1ec3 thao<\/p>\n<p>Ba\u0300n \u0111a\u0323p\/Pedals:C\u00f3 s\u1eb5n<\/p>\n<h4>B\u00d4\u0323 TRUY\u00ca\u0300N \u0110\u00d4\u0323NG<\/h4>\n<p>Tay \u0111\u1ec1\/Shifters:Shimano Tourney 2x8S<\/p>\n<p>B\u1ed9 chuy\u1ec3n \u0111\u1ec1 tr\u01b0\u1edbc\/Front Derailleur:Shimano Tourney 2S<\/p>\n<p>B\u1ed9 chuy\u1ec3n \u0111\u1ec1 sau\/Rear Derailleur:Shimano Tourney 8S<\/p>\n<p>Phanh\/Brakes:\u0110\u0129a d\u1ea7u Tektro<\/p>\n<p>Tay phanh\/Brake Levers:Tektro<\/p>\n<p>L\u00edp\/Cassette:Shimano 8S 12-32T<\/p>\n<p>X\u00edch\/Chain:KMC<\/p>\n<p>\u0110\u00f9i \u0111\u0129a\/Crankset:Prowheel 22\/36T<\/p>\n<\/div>\n<\/div>\n","protected":false},"excerpt":{"rendered":"<p>ATX 810 l\u00e0 d\u00f2ng xe d\u00e0nh cho \u0111\u01b0\u1eddng h\u1ed7n h\u1ee3p th\u00f4ng d\u1ee5ng, ph\u00f9 h\u1ee3p v\u1edbi v\u1eadn \u0111\u1ed9ng v\u00e0 vi\u1ec7t d\u00e3. ATX 810 c\u00f3 \u01b0u \u0111i\u1ec3m l\u00e0<span class=\"excerpt-hellip\"> [\u2026]<\/span><\/p>\n","protected":false},"featured_media":9044,"comment_status":"closed","ping_status":"closed","template":"","meta":[],"product_cat":[72],"product_tag":[],"class_list":["post-8483","product","type-product","status-publish","has-post-thumbnail","hentry","product_cat-xe-dap-dia-hinh"],"_links":{"self":[{"href":"https:\/\/xedop.com\/en\/wp-json\/wp\/v2\/product\/8483","targetHints":{"allow":["GET"]}}],"collection":[{"href":"https:\/\/xedop.com\/en\/wp-json\/wp\/v2\/product"}],"about":[{"href":"https:\/\/xedop.com\/en\/wp-json\/wp\/v2\/types\/product"}],"replies":[{"embeddable":true,"href":"https:\/\/xedop.com\/en\/wp-json\/wp\/v2\/comments?post=8483"}],"version-history":[{"count":4,"href":"https:\/\/xedop.com\/en\/wp-json\/wp\/v2\/product\/8483\/revisions"}],"predecessor-version":[{"id":9059,"href":"https:\/\/xedop.com\/en\/wp-json\/wp\/v2\/product\/8483\/revisions\/9059"}],"wp:featuredmedia":[{"embeddable":true,"href":"https:\/\/xedop.com\/en\/wp-json\/wp\/v2\/media\/9044"}],"wp:attachment":[{"href":"https:\/\/xedop.com\/en\/wp-json\/wp\/v2\/media?parent=8483"}],"wp:term":[{"taxonomy":"product_cat","embeddable":true,"href":"https:\/\/xedop.com\/en\/wp-json\/wp\/v2\/product_cat?post=8483"},{"taxonomy":"product_tag","embeddable":true,"href":"https:\/\/xedop.com\/en\/wp-json\/wp\/v2\/product_tag?post=8483"}],"curies":[{"name":"wp","href":"https:\/\/api.w.org\/{rel}","templated":true}]}}