{"id":8588,"date":"2026-03-30T15:03:38","date_gmt":"2026-03-30T08:03:38","guid":{"rendered":"https:\/\/xedopcom719.mbws.vn\/?post_type=product&#038;p=8588"},"modified":"2026-03-30T15:08:24","modified_gmt":"2026-03-30T08:08:24","slug":"xe-dap-dia-hinh-orbea-onna-50","status":"publish","type":"product","link":"https:\/\/xedop.com\/en\/san-pham\/xe-dap-dia-hinh-orbea-onna-50\/","title":{"rendered":"Xe \u0111\u1ea1p \u0111\u1ecba h\u00ecnh ORBEA ONNA 50"},"content":{"rendered":"<div>\n<div>\n<h3>Frameset (H\u1ec7 th\u1ed1ng khung)<\/h3>\n<\/div>\n<div><span class=\"reference\">Frame (Khung): <\/span>Orbea Onna Alloy, Dropout 9&#215;135, BSA BB, Internal cable routing<\/div>\n<div><span class=\"reference\">Fork (Phu\u1ed9c): <\/span>SR Suntour XCE 28 Coil 100mm QR<\/div>\n<div><span class=\"reference\">Steerer tube: <\/span>1&#8243;-1\/8 Semi-Integrated<\/div>\n<\/div>\n<div>\n<div>\n<h3>Drivetrain (H\u1ec7 th\u1ed1ng truy\u1ec1n \u0111\u1ed9ng)<\/h3>\n<\/div>\n<div><span class=\"reference\">Crankset (\u0110\u00f9i \u0111\u0129a): <\/span>Forged alloy, 22x36t, 7\/8S<\/div>\n<div><span class=\"reference\">Shifters (Tay \u0111\u1ec1): <\/span>Microshift TS38<\/div>\n<div><span class=\"reference\">Cassette (L\u00edp): <\/span>Sun Race CSM66 11-34t 8-Speed<\/div>\n<div><span class=\"reference\">Rear derailleur (Chuy\u1ec3n \u0111\u1ec1 sau): <\/span>Shimano Tourney TX800<\/div>\n<div><span class=\"reference\">Front derailleur (Chuy\u1ec3n \u0111\u1ec1 tr\u01b0\u1edbc): <\/span>Shimano M315 31.8mm<\/div>\n<div><span class=\"reference\">Chain (X\u00edch): <\/span>KMC X8<\/div>\n<\/div>\n<div>\n<div>\n<h3>Cockpit<\/h3>\n<\/div>\n<div><span class=\"reference\">Handlebar (Ghi \u0111\u00f4ng): <\/span>Alloy, 31.8mm, Flat, 720mm<\/div>\n<div><span class=\"reference\">Stem: <\/span>Alloy, 7\u00ba<\/div>\n<\/div>\n<div>\n<div>\n<h3>Brakes (Phanh)<\/h3>\n<\/div>\n<div><span class=\"reference\">Brakes: <\/span>Shimano MT200 Hydraulic Disc<\/div>\n<\/div>\n<div>\n<div>\n<h3>Wheels (H\u1ec7 th\u1ed1ng b\u00e1nh xe)<\/h3>\n<\/div>\n<div><span class=\"reference\">Wheels (V\u00e0nh): <\/span>Mach1 ER20 19c<\/div>\n<div><span class=\"reference\">Tyres (L\u1ed1p): <\/span>Kenda K1153 2.35&#8243; 22TPI<\/div>\n<\/div>\n<div>\n<div>\n<h3>Accessories<\/h3>\n<\/div>\n<div><span class=\"reference\">Pedals (B\u00e0n \u0111\u1ea1p): <\/span>VP-537 Black<\/div>\n<\/div>\n<div>\n<div>\n<h3>Components<\/h3>\n<\/div>\n<div><span class=\"reference\">Seatpost (C\u1ecdc y\u00ean): <\/span>Alloy, 27.2mm, Setback 0<\/div>\n<div><span class=\"reference\">Saddle (Y\u00ean): <\/span>Essax Adv soft135mm for Orbea<\/div>\n<\/div>\n","protected":false},"excerpt":{"rendered":"<p>Frameset (H\u1ec7 th\u1ed1ng khung) Frame (Khung): Orbea Onna Alloy, Dropout 9&#215;135, BSA BB, Internal cable routing Fork (Phu\u1ed9c): SR Suntour XCE 28 Coil 100mm QR Steerer<span class=\"excerpt-hellip\"> [\u2026]<\/span><\/p>\n","protected":false},"featured_media":8794,"comment_status":"closed","ping_status":"closed","template":"","meta":[],"product_cat":[63],"product_tag":[],"class_list":["post-8588","product","type-product","status-publish","has-post-thumbnail","hentry","product_cat-xe-dap-dia-hinh-mountain-bike"],"_links":{"self":[{"href":"https:\/\/xedop.com\/en\/wp-json\/wp\/v2\/product\/8588","targetHints":{"allow":["GET"]}}],"collection":[{"href":"https:\/\/xedop.com\/en\/wp-json\/wp\/v2\/product"}],"about":[{"href":"https:\/\/xedop.com\/en\/wp-json\/wp\/v2\/types\/product"}],"replies":[{"embeddable":true,"href":"https:\/\/xedop.com\/en\/wp-json\/wp\/v2\/comments?post=8588"}],"version-history":[{"count":2,"href":"https:\/\/xedop.com\/en\/wp-json\/wp\/v2\/product\/8588\/revisions"}],"predecessor-version":[{"id":8596,"href":"https:\/\/xedop.com\/en\/wp-json\/wp\/v2\/product\/8588\/revisions\/8596"}],"wp:featuredmedia":[{"embeddable":true,"href":"https:\/\/xedop.com\/en\/wp-json\/wp\/v2\/media\/8794"}],"wp:attachment":[{"href":"https:\/\/xedop.com\/en\/wp-json\/wp\/v2\/media?parent=8588"}],"wp:term":[{"taxonomy":"product_cat","embeddable":true,"href":"https:\/\/xedop.com\/en\/wp-json\/wp\/v2\/product_cat?post=8588"},{"taxonomy":"product_tag","embeddable":true,"href":"https:\/\/xedop.com\/en\/wp-json\/wp\/v2\/product_tag?post=8588"}],"curies":[{"name":"wp","href":"https:\/\/api.w.org\/{rel}","templated":true}]}}