{"id":864,"date":"2025-06-04T06:52:53","date_gmt":"2025-06-03T23:52:53","guid":{"rendered":"https:\/\/xedop.com\/?post_type=product&#038;p=864"},"modified":"2025-08-19T16:14:07","modified_gmt":"2025-08-19T09:14:07","slug":"xe-dap-dia-hinh-orbea-laufey-h-ltd","status":"publish","type":"product","link":"https:\/\/xedop.com\/en\/san-pham\/xe-dap-dia-hinh-orbea-laufey-h-ltd\/","title":{"rendered":"Xe \u0111\u1ea1p \u0111\u1ecba h\u00ecnh ORBEA LAUFEY H-LTD M247 &#8211; size M"},"content":{"rendered":"<h3>FRAMES (H\u1ec7 th\u1ed1ng khung)<\/h3>\n<div>\n<div><span class=\"reference\">FRAME (Khung): <\/span>Orbea Laufey Hydro Triple Butted 29&#8243; Boost 12&#215;148 ISCG 05<\/div>\n<div><span class=\"reference\">FORK (Phu\u1ed9c): <\/span>Fox 34 Float Performance 140 3-Position QR15x110<\/div>\n<div><span class=\"reference\">HEADSET: <\/span>Acros Alloy 1-1\/8 &#8211; 1-1\/2&#8243; Integrated<\/div>\n<\/div>\n<div>\n<div>\n<h3>DRIVETRAIN (H\u1ec7 th\u1ed1ng truy\u1ec1n \u0111\u1ed9ng)<\/h3>\n<\/div>\n<div><span class=\"reference\">CRANKSET (\u0110\u00f9i \u0111\u0129a): <\/span>Race Face Aeffect 32t<\/div>\n<div><span class=\"reference\">SHIFTERS (Tay \u0111\u1ec1): <\/span>Shimano SLX M7100 I-Spec EV<\/div>\n<div><span class=\"reference\">CASSETTE (L\u00edp): <\/span>Shimano CS-M7100 10-51t 12-Speed<\/div>\n<div><span class=\"reference\">REAR DERAILLEUR (Chuy\u1ec3n \u0111\u1ec1 sau): <\/span>Shimano XT M8100 SGS Shadow Plus<\/div>\n<div><span class=\"reference\">CHAIN (X\u00edch): <\/span>Shimano M7100<\/div>\n<\/div>\n<div>\n<div>\n<h3>COCKPIT<\/h3>\n<\/div>\n<div><span class=\"reference\">HANDLEBAR (Ghi \u0111\u00f4ng): <\/span>Race Face Aeffect 35 20mm Rise 780mm<\/div>\n<div><span class=\"reference\">STEM: <\/span>Race Face Aeffect R 35mm interface<\/div>\n<\/div>\n<div>\n<div>\n<h3>BRAKES (Phanh)<\/h3>\n<\/div>\n<div><span class=\"reference\">BRAKES: <\/span>Shimano M6100 Hydraulic Disc<\/div>\n<\/div>\n<div>\n<div>\n<h3>WHEELS (H\u1ec7 th\u1ed1ng b\u00e1nh xe)<\/h3>\n<\/div>\n<div><span class=\"reference\">WHEELS (V\u00e0nh): <\/span>Race Face AR 30c Tubeless Ready<\/div>\n<div><span class=\"reference\">TYRES (L\u1ed1p): <\/span>Maxxis Forekaster 2.60&#8243; FB 60 TPI Dual Exo TR<\/div>\n<div><span class=\"reference\">TYRES (L\u1ed1p): <\/span>Maxxis Rekon 2.60&#8243; FB 60 TPI Dual Exo TR<\/div>\n<\/div>\n<div>\n<div>\n<h3>COMPONENTS<\/h3>\n<\/div>\n<div><span class=\"reference\">SEATPOST (C\u1ecdc y\u00ean): <\/span>OC Mountail Control MC20, 31.6mm, Dropper<\/div>\n<div><span class=\"reference\">SEATPOST LEVER: <\/span>Shimano SL-MT500 I-Spec EV<\/div>\n<div><span class=\"reference\">SADDLE (Y\u00ean): <\/span>Fizik Taiga S-alloy rail<\/div>\n<\/div>\n","protected":false},"excerpt":{"rendered":"<p>FRAMES (H\u1ec7 th\u1ed1ng khung) FRAME (Khung): Orbea Laufey Hydro Triple Butted 29&#8243; Boost 12&#215;148 ISCG 05 FORK (Phu\u1ed9c): Fox 34 Float Performance 140 3-Position QR15x110 HEADSET:<span class=\"excerpt-hellip\"> [\u2026]<\/span><\/p>\n","protected":false},"featured_media":8832,"comment_status":"closed","ping_status":"closed","template":"","meta":[],"product_cat":[63],"product_tag":[],"class_list":["post-864","product","type-product","status-publish","has-post-thumbnail","hentry","product_cat-xe-dap-dia-hinh-mountain-bike"],"_links":{"self":[{"href":"https:\/\/xedop.com\/en\/wp-json\/wp\/v2\/product\/864","targetHints":{"allow":["GET"]}}],"collection":[{"href":"https:\/\/xedop.com\/en\/wp-json\/wp\/v2\/product"}],"about":[{"href":"https:\/\/xedop.com\/en\/wp-json\/wp\/v2\/types\/product"}],"replies":[{"embeddable":true,"href":"https:\/\/xedop.com\/en\/wp-json\/wp\/v2\/comments?post=864"}],"version-history":[{"count":3,"href":"https:\/\/xedop.com\/en\/wp-json\/wp\/v2\/product\/864\/revisions"}],"predecessor-version":[{"id":10244,"href":"https:\/\/xedop.com\/en\/wp-json\/wp\/v2\/product\/864\/revisions\/10244"}],"wp:featuredmedia":[{"embeddable":true,"href":"https:\/\/xedop.com\/en\/wp-json\/wp\/v2\/media\/8832"}],"wp:attachment":[{"href":"https:\/\/xedop.com\/en\/wp-json\/wp\/v2\/media?parent=864"}],"wp:term":[{"taxonomy":"product_cat","embeddable":true,"href":"https:\/\/xedop.com\/en\/wp-json\/wp\/v2\/product_cat?post=864"},{"taxonomy":"product_tag","embeddable":true,"href":"https:\/\/xedop.com\/en\/wp-json\/wp\/v2\/product_tag?post=864"}],"curies":[{"name":"wp","href":"https:\/\/api.w.org\/{rel}","templated":true}]}}