{"id":8642,"date":"2025-06-13T11:27:46","date_gmt":"2025-06-13T04:27:46","guid":{"rendered":"https:\/\/xedopcom719.mbws.vn\/?post_type=product&#038;p=8642"},"modified":"2025-06-13T11:27:46","modified_gmt":"2025-06-13T04:27:46","slug":"mu-bao-hiem-xe-dap-giant-helio-mips","status":"publish","type":"product","link":"https:\/\/xedop.com\/en\/san-pham\/mu-bao-hiem-xe-dap-giant-helio-mips\/","title":{"rendered":"M\u0169 b\u1ea3o hi\u1ec3m xe \u0111\u1ea1p GIANT HELIO MIPS"},"content":{"rendered":"<p>\u2013 B\u1ea3n m\u0169 b\u1ea3o hi\u1ec3m n\u00e2ng c\u1ea5p 99 MIPS\uff0ch\u1ec7 th\u1ed1ng b\u1ea3o v\u1ec7 MIPS Evolve Core\uff0ckhi g\u1eb7p s\u1ef1 c\u1ed1 MIPS Evolve Core th\u00f4ng qua LFL \u0111\u1ec3 gi\u1ea3m l\u1ef1c xung k\u00edch, gi\u1ea3m t\u1ed5n th\u01b0\u01a1ng\uff1b<br \/>\n\u2013 Thi\u1ebft k\u1ebf 19 l\u1ed7 tho\u00e1ng kh\u00ed, t\u1ea3n nhi\u1ec7t nhanh, lu\u00f4n \u0111\u1ea3m b\u1ea3o kh\u00f4 tho\u00e1ng cho v\u00f9ng \u0111\u1ea7u<br \/>\n\u2013 Ch\u1ea5t li\u1ec7u l\u00f3t trong Nobel Ionic+R c\u1ee7a M\u1ef9, kh\u1ea3 n\u0103ng ch\u1ed1ng \u0111\u1ed9c t\u1ed1t\uff0cc\u00f3 th\u1ec3 gi\u1eb7t nhi\u1ec1u l\u1ea7n m\u00e0 kh\u00f4ng gi\u1ea3m t\u00ednh n\u0103ng, \u00a0c\u00f3 th\u00eam 1 b\u1ed9 l\u00f3t ph\u1ee5(kh\u00f4ng ph\u1ea3i Ionic+R), d\u1ec5 th\u00e1o gi\u1eb7t.<br \/>\n\u2013 Thi\u1ebft k\u1ebf n\u00fat \u0111i\u1ec1u ch\u1ec9nh OSMAR, d\u1ec5 d\u00e0ng th\u00e1o l\u1eafp v\u00e0 \u0111i\u1ec1u ch\u1ec9nh<br \/>\n\u2013 V\u1ecf ngo\u00e0i m\u0169 tr\u1ecdng l\u01b0\u1ee3ng nh\u1eb9, ch\u1ea5t li\u1ec7u PC 3 l\u1edbp v\u1edbi c\u00f4ng ngh\u1ec7 \u00e9p EPS nh\u1ea5t th\u1ec3 th\u00e0nh h\u00ecnh, ch\u1ed1ng va \u0111\u1eadp t\u1ed1t<br \/>\n\u2013 SKU: 805200772; 74; 76; 78<\/p>\n","protected":false},"excerpt":{"rendered":"<p>\u2013 B\u1ea3n m\u0169 b\u1ea3o hi\u1ec3m n\u00e2ng c\u1ea5p 99 MIPS\uff0ch\u1ec7 th\u1ed1ng b\u1ea3o v\u1ec7 MIPS Evolve Core\uff0ckhi g\u1eb7p s\u1ef1 c\u1ed1 MIPS Evolve Core th\u00f4ng qua LFL \u0111\u1ec3 gi\u1ea3m<span class=\"excerpt-hellip\"> [\u2026]<\/span><\/p>\n","protected":false},"featured_media":8647,"comment_status":"closed","ping_status":"closed","template":"","meta":[],"product_cat":[73],"product_tag":[],"class_list":["post-8642","product","type-product","status-publish","has-post-thumbnail","hentry","product_cat-mu-bao-hiem"],"_links":{"self":[{"href":"https:\/\/xedop.com\/en\/wp-json\/wp\/v2\/product\/8642","targetHints":{"allow":["GET"]}}],"collection":[{"href":"https:\/\/xedop.com\/en\/wp-json\/wp\/v2\/product"}],"about":[{"href":"https:\/\/xedop.com\/en\/wp-json\/wp\/v2\/types\/product"}],"replies":[{"embeddable":true,"href":"https:\/\/xedop.com\/en\/wp-json\/wp\/v2\/comments?post=8642"}],"version-history":[{"count":1,"href":"https:\/\/xedop.com\/en\/wp-json\/wp\/v2\/product\/8642\/revisions"}],"predecessor-version":[{"id":8651,"href":"https:\/\/xedop.com\/en\/wp-json\/wp\/v2\/product\/8642\/revisions\/8651"}],"wp:featuredmedia":[{"embeddable":true,"href":"https:\/\/xedop.com\/en\/wp-json\/wp\/v2\/media\/8647"}],"wp:attachment":[{"href":"https:\/\/xedop.com\/en\/wp-json\/wp\/v2\/media?parent=8642"}],"wp:term":[{"taxonomy":"product_cat","embeddable":true,"href":"https:\/\/xedop.com\/en\/wp-json\/wp\/v2\/product_cat?post=8642"},{"taxonomy":"product_tag","embeddable":true,"href":"https:\/\/xedop.com\/en\/wp-json\/wp\/v2\/product_tag?post=8642"}],"curies":[{"name":"wp","href":"https:\/\/api.w.org\/{rel}","templated":true}]}}