{"id":949,"date":"2025-06-04T09:56:04","date_gmt":"2025-06-04T02:56:04","guid":{"rendered":"https:\/\/xedop.com\/?post_type=product&#038;p=949"},"modified":"2026-03-30T15:29:17","modified_gmt":"2026-03-30T08:29:17","slug":"xe-dap-dua-duong-truong-orbea-orca-m30","status":"publish","type":"product","link":"https:\/\/xedop.com\/en\/san-pham\/xe-dap-dua-duong-truong-orbea-orca-m30\/","title":{"rendered":"Xe \u0111\u1ea1p \u0111\u01b0\u1eddng tr\u01b0\u1eddng ORBEA ORCA M30"},"content":{"rendered":"<div>\n<div>\n<h3>Frameset (H\u1ec7 th\u1ed1ng khung)<\/h3>\n<\/div>\n<div><span class=\"reference\">Frame (Khung): <\/span>Orbea Orca carbon OMR 2024, monocoque construction, HS 1,5&#8243;, BB 386mm, powermeter compatible, Rear Thru Axle 12x142mm, thread M12x2 P1, internal cable routing.<\/div>\n<div><span class=\"reference\">Fork (Phu\u1ed9c): <\/span>Orbea Orca OMR ICR 2024, full carbon, 1-1\/8&#8243; &#8211; 1,5&#8243; tappered head tube compatible, Thru axle 12x100mm, thread M12x2 P1.<\/div>\n<div><span class=\"reference\">Steerer tube: <\/span>FSA 1-1\/2&#8243; Integrated Aluminium Cup<\/div>\n<\/div>\n<div>\n<div>\n<h3>Drivetrain (H\u1ec7 th\u1ed1ng truy\u1ec1n \u0111\u1ed9ng)<\/h3>\n<\/div>\n<div><span class=\"reference\">Crankset (\u0110\u00f9i \u0111\u0129a): <\/span>Shimano 105 R7100 34x50t<\/div>\n<div><span class=\"reference\">Shifters (Tay \u0111\u1ec1): <\/span>Shimano R7120<\/div>\n<div><span class=\"reference\">Cassette (L\u00edp): <\/span>Shimano 105 R7100 11-34t 12-Speed<\/div>\n<div><span class=\"reference\">Rear derailleur (Chuy\u1ec3n \u0111\u1ec1 sau): <\/span>Shimano 105 R7100<\/div>\n<div><span class=\"reference\">Front derailleur (Chuy\u1ec3n \u0111\u1ec1 tr\u01b0\u1edbc): <\/span>Shimano 105 R7100<\/div>\n<div><span class=\"reference\">Chain (X\u00edch): <\/span>Shimano M6100<\/div>\n<\/div>\n<div>\n<div>\n<h3>Cockpit<\/h3>\n<\/div>\n<div><span class=\"reference\">Handlebar (Ghi \u0111\u00f4ng): <\/span>OC Road Performance RP31-R, Rise 15, Reach 70, Drop 125<\/div>\n<div><span class=\"reference\">Stem: <\/span>OC Road Performance RP22, -5\u00ba<\/div>\n<\/div>\n<div>\n<div>\n<h3>Brakes (Phanh)<\/h3>\n<\/div>\n<div><span class=\"reference\">Brakes: <\/span>Shimano R7170 Hydraulic Disc<\/div>\n<\/div>\n<div>\n<div>\n<h3>Wheels (H\u1ec7 th\u1ed1ng b\u00e1nh xe)<\/h3>\n<\/div>\n<div><span class=\"reference\">Wheels (V\u00e0nh): <\/span>Alloy, Tubeless, 700c, 19c, 28H<\/div>\n<div><span class=\"reference\">Tyres (L\u1ed1p): <\/span>Vittoria Zafiro V Rigid bead 700x28c<\/div>\n<div><span class=\"reference\">Front Wheel Axle: <\/span>Orbea Thru Axle 12x100mm M12x2 P1 Hollow<\/div>\n<div><span class=\"reference\">Rear Wheel Axle: <\/span>Orbea Thru Axle 12x142mm M12x2 P1 Hollow<\/div>\n<\/div>\n<div>\n<div>\n<h3>Components<\/h3>\n<\/div>\n<div><span class=\"reference\">Seatpost (C\u1ecdc y\u00ean): <\/span>SP 0.2 Carbon, 27.2mm, Setback 20<\/div>\n<div><span class=\"reference\">Saddle (Y\u00ean): <\/span>Fizik Aliante R5<\/div>\n<\/div>\n<div>\n<div>\n<h3>Accessories<\/h3>\n<\/div>\n<div><span class=\"reference\">Handlebar Tape (Tay qu\u1ea5n): <\/span>Orbea Eva<\/div>\n<\/div>\n","protected":false},"excerpt":{"rendered":"<p>Frameset (H\u1ec7 th\u1ed1ng khung) Frame (Khung): Orbea Orca carbon OMR 2024, monocoque construction, HS 1,5&#8243;, BB 386mm, powermeter compatible, Rear Thru Axle 12x142mm, thread M12x2 P1,<span class=\"excerpt-hellip\"> [\u2026]<\/span><\/p>\n","protected":false},"featured_media":8905,"comment_status":"closed","ping_status":"closed","template":"","meta":[],"product_cat":[66],"product_tag":[],"class_list":["post-949","product","type-product","status-publish","has-post-thumbnail","hentry","product_cat-xe-dap-duong-truong-road-bike"],"_links":{"self":[{"href":"https:\/\/xedop.com\/en\/wp-json\/wp\/v2\/product\/949","targetHints":{"allow":["GET"]}}],"collection":[{"href":"https:\/\/xedop.com\/en\/wp-json\/wp\/v2\/product"}],"about":[{"href":"https:\/\/xedop.com\/en\/wp-json\/wp\/v2\/types\/product"}],"replies":[{"embeddable":true,"href":"https:\/\/xedop.com\/en\/wp-json\/wp\/v2\/comments?post=949"}],"version-history":[{"count":4,"href":"https:\/\/xedop.com\/en\/wp-json\/wp\/v2\/product\/949\/revisions"}],"predecessor-version":[{"id":12027,"href":"https:\/\/xedop.com\/en\/wp-json\/wp\/v2\/product\/949\/revisions\/12027"}],"wp:featuredmedia":[{"embeddable":true,"href":"https:\/\/xedop.com\/en\/wp-json\/wp\/v2\/media\/8905"}],"wp:attachment":[{"href":"https:\/\/xedop.com\/en\/wp-json\/wp\/v2\/media?parent=949"}],"wp:term":[{"taxonomy":"product_cat","embeddable":true,"href":"https:\/\/xedop.com\/en\/wp-json\/wp\/v2\/product_cat?post=949"},{"taxonomy":"product_tag","embeddable":true,"href":"https:\/\/xedop.com\/en\/wp-json\/wp\/v2\/product_tag?post=949"}],"curies":[{"name":"wp","href":"https:\/\/api.w.org\/{rel}","templated":true}]}}