{"id":967,"date":"2025-06-04T10:33:28","date_gmt":"2025-06-04T03:33:28","guid":{"rendered":"https:\/\/xedop.com\/?post_type=product&#038;p=967"},"modified":"2026-03-30T15:28:47","modified_gmt":"2026-03-30T08:28:47","slug":"xe-dap-dua-duong-truong-orbea-orca-m21eteam-pwr","status":"publish","type":"product","link":"https:\/\/xedop.com\/en\/san-pham\/xe-dap-dua-duong-truong-orbea-orca-m21eteam-pwr\/","title":{"rendered":"Xe \u0111\u1ea1p \u0111\u01b0\u1eddng tr\u01b0\u1eddng ORBEA ORCA M21eTEAM PWR &#8211; size 51"},"content":{"rendered":"<div>\n<div>\n<h3>FRAMESET (H\u1ec7 th\u1ed1ng khung)<\/h3>\n<\/div>\n<div><span class=\"reference\">FRAME (Khung): <\/span>Orbea Orca carbon OMR 2024, monocoque construction, HS 1,5&#8243;, BB 386mm, powermeter compatible, Rear Thru Axle 12x142mm, thread M12x2 P1, internal cable routing.<\/div>\n<div><span class=\"reference\">FORK (Phu\u1ed9c): <\/span>Orbea Orca OMR ICR 2024, full carbon, 1-1\/8&#8243; &#8211; 1,5&#8243; tappered head tube compatible, Thru axle 12x100mm, thread M12x2 P1.<\/div>\n<div><span class=\"reference\">HEADSET: <\/span>FSA 1-1\/2&#8243; Integrated Aluminium Cup<\/div>\n<\/div>\n<div>\n<div>\n<h3>DRIVETRAIN (H\u1ec7 th\u1ed1ng truy\u1ec1n \u0111\u1ed9ng)<\/h3>\n<\/div>\n<div>\n<p><span class=\"reference\">CRANKSET (\u0110\u00f9i \u0111\u0129a): <\/span>SRAM Force AXS Power Meter Dub 35x48t<\/p>\n<div>\n<div>SHIFTERS (Tay \u0111\u1ec1): SRAM Force AXS<\/div>\n<\/div>\n<\/div>\n<div>\n<p><span class=\"reference\">CASSETTE (L\u00edp): <\/span>SRAM XG-1270 10-33t 12-Speed<\/p>\n<div>\n<div>REAR DERAILLEUR (Chuy\u1ec3n \u0111\u1ec1 sau): SRAM Force AXS 12s<\/div>\n<\/div>\n<\/div>\n<div><span class=\"reference\">FRONT DERAILLEUR (Chuy\u1ec3n \u0111\u1ec1 tr\u01b0\u1edbc): <\/span>SRAM Force eTAP AXS<\/div>\n<div><span class=\"reference\">CHAIN (X\u00edch): <\/span>SRAM Force 12-Speed<\/div>\n<\/div>\n<div>\n<div>\n<h3>COCKPIT<\/h3>\n<\/div>\n<div>\n<p><span class=\"reference\">HANDLEBAR (Ghi \u0111\u00f4ng): <\/span>OC Road Performance RP21 Alu SL, Reach 80, Drop 125<\/p>\n<div>\n<div>STEM: OC Road Performance RP10, -8\u00ba<\/div>\n<\/div>\n<\/div>\n<\/div>\n<div>\n<div>\n<h3>BRAKES (Phanh)<\/h3>\n<\/div>\n<div><span class=\"reference\">BRAKES: <\/span>SRAM Force AXS<\/div>\n<\/div>\n<div>\n<div>\n<h3>WHEELS (H\u1ec7 th\u1ed1ng b\u00e1nh xe)<\/h3>\n<\/div>\n<div>\n<p><span class=\"reference\">WHEELS (V\u00e0nh): <\/span>Oquo Road Performance RP35TEAM<\/p>\n<div>\n<div>TYRES (L\u1ed1p): Vittoria Corsa N.Ext G2.0 Foldable 700c<\/div>\n<\/div>\n<\/div>\n<div>\n<div>\n<div>FRONT WHEEL AXLE: Orbea Thru Axle 12x100mm M12x2 P1 Hollow<\/div>\n<\/div>\n<\/div>\n<div>\n<div>\n<div>REAR WHEEL AXLE: Orbea Thru Axle 12x142mm M12x2 P1 Hollow<\/div>\n<\/div>\n<\/div>\n<\/div>\n<div>\n<div>\n<h3>COMPONENTS<\/h3>\n<\/div>\n<div>\n<p><span class=\"reference\">SEATPOST (C\u1ecdc y\u00ean): <\/span>OC Performance XP10-S Carbon, 27.2mm, Setback 20<\/p>\n<div>\n<div>SADDLE (Y\u00ean): Fizik Vento Antares R7 Alloy Rail 140mm<\/div>\n<\/div>\n<\/div>\n<\/div>\n<div>\n<div>\n<h3>ACCESSORIES<\/h3>\n<\/div>\n<div><span class=\"reference\">HANDLEBAR TAPE (Tay qu\u1ea5n): <\/span>Orbea Anti-Slippery\/Shock Proof<\/div>\n<\/div>\n","protected":false},"excerpt":{"rendered":"<p>FRAMESET (H\u1ec7 th\u1ed1ng khung) FRAME (Khung): Orbea Orca carbon OMR 2024, monocoque construction, HS 1,5&#8243;, BB 386mm, powermeter compatible, Rear Thru Axle 12x142mm, thread M12x2 P1,<span class=\"excerpt-hellip\"> [\u2026]<\/span><\/p>\n","protected":false},"featured_media":8899,"comment_status":"closed","ping_status":"closed","template":"","meta":[],"product_cat":[66],"product_tag":[],"class_list":["post-967","product","type-product","status-publish","has-post-thumbnail","hentry","product_cat-xe-dap-duong-truong-road-bike"],"_links":{"self":[{"href":"https:\/\/xedop.com\/en\/wp-json\/wp\/v2\/product\/967","targetHints":{"allow":["GET"]}}],"collection":[{"href":"https:\/\/xedop.com\/en\/wp-json\/wp\/v2\/product"}],"about":[{"href":"https:\/\/xedop.com\/en\/wp-json\/wp\/v2\/types\/product"}],"replies":[{"embeddable":true,"href":"https:\/\/xedop.com\/en\/wp-json\/wp\/v2\/comments?post=967"}],"version-history":[{"count":4,"href":"https:\/\/xedop.com\/en\/wp-json\/wp\/v2\/product\/967\/revisions"}],"predecessor-version":[{"id":12024,"href":"https:\/\/xedop.com\/en\/wp-json\/wp\/v2\/product\/967\/revisions\/12024"}],"wp:featuredmedia":[{"embeddable":true,"href":"https:\/\/xedop.com\/en\/wp-json\/wp\/v2\/media\/8899"}],"wp:attachment":[{"href":"https:\/\/xedop.com\/en\/wp-json\/wp\/v2\/media?parent=967"}],"wp:term":[{"taxonomy":"product_cat","embeddable":true,"href":"https:\/\/xedop.com\/en\/wp-json\/wp\/v2\/product_cat?post=967"},{"taxonomy":"product_tag","embeddable":true,"href":"https:\/\/xedop.com\/en\/wp-json\/wp\/v2\/product_tag?post=967"}],"curies":[{"name":"wp","href":"https:\/\/api.w.org\/{rel}","templated":true}]}}