{"id":9987,"date":"2025-07-04T09:55:16","date_gmt":"2025-07-04T02:55:16","guid":{"rendered":"https:\/\/xedop.com\/?post_type=product&#038;p=9987"},"modified":"2025-07-04T09:58:26","modified_gmt":"2025-07-04T02:58:26","slug":"giay-dap-xe-dia-hinh-giro-rincon","status":"publish","type":"product","link":"https:\/\/xedop.com\/en\/san-pham\/giay-dap-xe-dia-hinh-giro-rincon\/","title":{"rendered":"Gi\u00e0y \u0111\u1ea1p xe \u0111\u1ecba h\u00ecnh GIRO Rincon"},"content":{"rendered":"<p><img decoding=\"async\" src=\"https:\/\/xedop.com\/wp-content\/uploads\/2025\/07\/giay-xe-dap-dia-hinh-giro-rincon-9987.jpg\" \/><\/p>\n<p><strong>TH\u00d4NG S\u1ed0 K\u1ef8 THU\u1eacT<\/strong><\/p>\n<p><strong>B\u1ec1 m\u1eb7t gi\u00e0y:<\/strong><\/p>\n<p>V\u1eadt li\u1ec7u \u00e9p nhi\u1ec7t\u00a0\u00a0SYNCHWIRE\u2122 1 t\u1ea5m duy nh\u1ea5t tho\u00e1ng kh\u00ed\u00a0c\u1ea5u tr\u00fac exo<\/p>\n<p>M\u0169i v\u00e0 g\u00f3t ch\u00e2n \u0111\u01b0\u1ee3c gia c\u1ed1 ch\u1eafc ch\u1eafn<\/p>\n<p>L\u1edbp ph\u1ea3n quang \u1edf g\u00f3t ch\u00e2n<\/p>\n<p>&nbsp;<\/p>\n<p><strong>\u0110\u1ebf ngo\u00e0i:<\/strong><\/p>\n<p>\u0110\u1ebf ngo\u00e0i cao su \u0111\u00fac k\u00e9p, t\u01b0\u01a1ng th\u00edch b\u00e0n \u0111\u1ea1p\u00a02 ch\u1ea5u<\/p>\n<p>&nbsp;<\/p>\n<p>T\u1ea5m \u0111\u1ec7m EVA<\/p>\n<p>&nbsp;<\/p>\n<p><strong>Tr\u1ecdng l\u01b0\u1ee3ng:<\/strong><\/p>\n<p>340 gram\u00a0(size 42)<\/p>\n<p><img decoding=\"async\" src=\"https:\/\/xedop.com\/wp-content\/uploads\/2025\/07\/giay-xe-dap-dia-hinh-giro-rincon-9987-1.jpg\" \/><\/p>\n","protected":false},"excerpt":{"rendered":"<p><strong>B\u1ee8T PH\u00c1 M\u1eccI GI\u1edaI H\u1ea0N, HI\u1ec6U SU\u1ea4T TR\u00caN M\u1eccI H\u00c0NH TR\u00ccNH<\/strong><\/p>\n<p>Gi\u00e0y Rincon k\u1ebft h\u1ee3p ph\u1ea7n tr\u00ean tho\u00e1ng kh\u00ed, m\u1ec1m m\u1ea1i Synchwire v\u1edbi \u0111\u1ebf composite nylon c\u1ee9ng c\u00e1p v\u00e0 \u0111\u1ebf ngo\u00e0i cao su \u0111\u00fac k\u00e9p gai g\u00f3c, mang l\u1ea1i l\u1ef1c k\u00e9o tuy\u1ec7t v\u1eddi, ch\u1ed1ng bong tr\u00f3c v\u00e0 h\u1ecfng h\u00f3c. L\u00f3t gi\u00e0y 3D \u0111\u1ecbnh h\u00ecnh h\u1ed7 tr\u1ee3 t\u0103ng c\u01b0\u1eddng s\u1ef1 tho\u1ea3i m\u00e1i v\u00e0 v\u1eeba v\u1eb7n, c\u00f3 th\u1ec3 \u0111i\u1ec1u ch\u1ec9nh th\u00f4ng qua kh\u00f3a v\u1eb7n BOA\u00ae L6 v\u1edbi kh\u1ea3 n\u0103ng tinh ch\u1ec9nh 1mm v\u00e0 d\u00e2y \u0111eo b\u00e0n ch\u00e2n tr\u01b0\u1edbc linh ho\u1ea1t. \u0110\u00e2y l\u00e0 l\u1ef1a ch\u1ecdn tuy\u1ec7t v\u1eddi cho nh\u1eefng tay \u0111ua t\u00ecm ki\u1ebfm hi\u1ec7u su\u1ea5t \u0111\u00e1ng tin c\u1eady v\u1edbi gi\u00e1 tr\u1ecb v\u01b0\u1ee3t tr\u1ed9i trong d\u00f2ng gi\u00e0y \u0111\u1ecba h\u00ecnh.<\/p>\n","protected":false},"featured_media":9988,"comment_status":"closed","ping_status":"closed","template":"","meta":[],"product_cat":[78],"product_tag":[],"class_list":["post-9987","product","type-product","status-publish","has-post-thumbnail","hentry","product_cat-giay"],"_links":{"self":[{"href":"https:\/\/xedop.com\/en\/wp-json\/wp\/v2\/product\/9987","targetHints":{"allow":["GET"]}}],"collection":[{"href":"https:\/\/xedop.com\/en\/wp-json\/wp\/v2\/product"}],"about":[{"href":"https:\/\/xedop.com\/en\/wp-json\/wp\/v2\/types\/product"}],"replies":[{"embeddable":true,"href":"https:\/\/xedop.com\/en\/wp-json\/wp\/v2\/comments?post=9987"}],"version-history":[{"count":4,"href":"https:\/\/xedop.com\/en\/wp-json\/wp\/v2\/product\/9987\/revisions"}],"predecessor-version":[{"id":10001,"href":"https:\/\/xedop.com\/en\/wp-json\/wp\/v2\/product\/9987\/revisions\/10001"}],"wp:featuredmedia":[{"embeddable":true,"href":"https:\/\/xedop.com\/en\/wp-json\/wp\/v2\/media\/9988"}],"wp:attachment":[{"href":"https:\/\/xedop.com\/en\/wp-json\/wp\/v2\/media?parent=9987"}],"wp:term":[{"taxonomy":"product_cat","embeddable":true,"href":"https:\/\/xedop.com\/en\/wp-json\/wp\/v2\/product_cat?post=9987"},{"taxonomy":"product_tag","embeddable":true,"href":"https:\/\/xedop.com\/en\/wp-json\/wp\/v2\/product_tag?post=9987"}],"curies":[{"name":"wp","href":"https:\/\/api.w.org\/{rel}","templated":true}]}}